{"id":3345,"date":"2024-08-07T12:59:39","date_gmt":"2024-08-07T10:59:39","guid":{"rendered":"http:\/\/localhost\/cp3\/gtc\/"},"modified":"2025-10-08T10:14:37","modified_gmt":"2025-10-08T08:14:37","slug":"gtc","status":"publish","type":"page","link":"https:\/\/www.convoy-products.de\/en\/gtc\/","title":{"rendered":"GTC"},"content":{"rendered":"&#13;\n<h3 class=\"wp-block-heading\">Allgemeine Gesch\u00e4ftsbedingungen der Solucon GmbH<\/h3>&#13;\n&#13;\n<p> <strong>Solucon GmbH<\/strong><br\/>Gesch\u00e4ftsf\u00fchrer: Gerd Lemken  <br\/>Daimlerstr. 4<br\/> D-45891 Gelsenkirchen<br\/> E-mail: <a href=\"mailto:info@convoy-products.de\">info@convoy-products.de<\/a><br\/><a href=\"mailto:info@convoy-products.de\"> <\/a><a rel=\"noreferrer noopener\" href=\"http:\/\/www.convoy-products.de\" target=\"_blank\">www.convoy-products.de<\/a><br\/> <br\/>\u00a7 1. Geltungsbereich <br\/>F\u00fcr Bestellungen \u00fcber unseren Online-Fahrradzubeh\u00f6rshop gelten ausschlie\u00dflich diese AGB in der jeweiligen Fassung zum Zeitpunkt der Bestellung. Abweichende AGB des Kunden werden zur\u00fcckgewiesen. Sie werden nur dann wirksam, wenn sie von uns ausdr\u00fccklich schriftlich best\u00e4tigt werden.<br\/><br\/>\u00a7 2. Vertragspartner<br\/>Der Kaufvertrag kommt zu Stande mit der Solucon GmbH, Daimlerstra\u00dfe 4, D-45891 Gelsenkirchen. Sie erreichen unseren Kundenservice f\u00fcr Fragen, Reklamationen und Beanstandungen unter <a href=\"mailto:info@convoy-products.de\">info@convoy-products.de <\/a> <br\/><br\/>\u00a7 3. Zustandekommen des Vertrages, Bestelltext, Mindestbestellwert <br\/>Die Darstellung der Produkte im Online-Shop stellt kein rechtlich bindendes Angebot, sondern eine Aufforderung zur Bestellung dar. Durch Anklicken des Buttons \u201ekaufen\u201c bzw. \u201ejetzt kaufen\u201c geben Sie eine verbindliche Bestellung der im Warenkorb enthaltenen Waren ab. Die Best\u00e4tigung des Eingangs der Bestellung folgt unmittelbar nach dem Absenden der Bestellung und stellt noch keine Annahme Ihres Angebots dar. Der Kaufvertrag kommt zustande, wenn wir Ihre Bestellung durch Versand einer Auftragsbest\u00e4tigung per E-Mail oder durch Auslieferung der Ware innerhalb von 14 Tagen annehmen. Bestelltext\/Vertragstext: Wir speichern den Vertragstext und senden Ihnen die Bestelldaten und unsere AGB per E-Mail zu. Ihre Bestelldaten sind nach Anmeldung in Ihrem Kundenkonto sichtbar.<br\/>Mindestbestellwert: Ein Mindestbestellwert findet in unserem Online-Shop keine Anwendung. <br\/><br\/>\u00a7 4. Vertragssprache <br\/>Bei Bestellungen aus Deutschland ist die Vertragssprache deutsch. Wenn Sie aus dem Ausland bestellen, so haben wir zur Zeit ebenfalls nur die Vertragssprache Deutsch zur Verf\u00fcgung. <br\/><br\/>\u00a7 5. Widerrufsrecht <br\/><br\/>5.1 Verbraucher haben das Recht, binnen vierzehn Tagen ohne Angabe von Gr\u00fcnden diesen Vertrag zu widerrufen. Die Widerrufsfrist betr\u00e4gt f\u00fcr den Fall eines Kaufvertrages von einer Ware vierzehn Tage ab dem Tag, an dem Sie oder ein von Ihnen benannter Dritter, der nicht der Bef\u00f6rderer ist, die Ware in Besitz genommen haben. Die Widerrufsfrist betr\u00e4gt f\u00fcr den Fall eines Kaufvertrages \u00fcber mehrere Waren vierzehn Tage ab dem Tag, an dem Sie oder ein von Ihnen benannter Dritter, der nicht der Bef\u00f6rderer ist, die letzte Ware in Besitz genommen haben. Um Ihr Widerrufsrecht auszu\u00fcben, m\u00fcssen Sie uns mittels einer eindeutigen Erkl\u00e4rung (z.B. ein mit der Post versandter Brief, oder E-Mail) \u00fcber Ihren Entschluss, diesen Vertrag zu widerrufen, informieren. Zur Wahrung der Widerrufsfrist reicht es, dass Sie die Mitteilung \u00fcber die Aus\u00fcbung des Widerrufsrechts vor Ablauf der Widerrufsfrist absenden. <br\/><br\/>5.2 Folgen des Widerrufs <br\/>Wenn Sie diesen Vertrag widerrufen, haben wir Ihnen alle Zahlungen, die wir von Ihnen erhalten haben, einschlie\u00dflich der Lieferkosten (mit Ausnahme der zus\u00e4tzlichen Kosten, die sich daraus ergeben, dass Sie eine andere Art der Lieferung als die von uns angebotene, g\u00fcnstigste Standardlieferung gew\u00e4hlt haben), unverz\u00fcglich und sp\u00e4testens binnen vierzehn Tagen ab dem Tag zur\u00fcckzuzahlen, an dem die Mitteilung \u00fcber Ihren Widerruf dieses Vertrags bei uns eingegangen ist. F\u00fcr diese R\u00fcckzahlung verwenden wir dasselbe Zahlungsmittel, das Sie bei der urspr\u00fcnglichen Transaktion eingesetzt haben, es sei denn, mit Ihnen wurde ausdr\u00fccklich etwas anderes vereinbart; in keinem Fall werden Ihnen wegen dieser R\u00fcckzahlung Entgelte f\u00fcr den reinen R\u00fcckzahlungstransfer berechnet. Sie m\u00fcssen f\u00fcr einen etwaigen Wertverlust der Waren aufkommen, wenn dieser Wertverlust auf einen zur Pr\u00fcfung der Beschaffenheit, Eigenschaften und Funktionsweise der Waren nicht notwendigen Umgang mit ihnen zur\u00fcckzuf\u00fchren ist. <br\/><br\/>5.3 Ausschluss\/Erl\u00f6schen des Widerrufsrechts <br\/>Das Widerrufsrecht besteht nicht bei der Lieferung von Waren, die nicht vorgefertigt sind und f\u00fcr deren Herstellung eine individuelle Auswahl oder Bestimmung durch den Verbraucher ma\u00dfgeblich ist oder die eindeutig auf die pers\u00f6nlichen Bed\u00fcrfnisse des Verbrauchers zugeschnitten sind, sowie auch nicht bei der Lieferung von Ton- oder Videoaufnahmen oder Computersoftware in einer versiegelten Packung, wenn die Versiegelung nach der Lieferung entfernt wurde. <br\/><br\/>\u00a7 6 Preise, Versandkosten <br\/><br\/>6.1 Preise<br\/>Alle Preise sind in Euro ausgezeichnet und enthalten die derzeit g\u00fcltige gesetzliche Mehrwertsteuer der Bundesrepublik Deutschland: MwSt. voll 19% bzw.  MwSt. erm\u00e4\u00dfigt 7%. <br\/><br\/>6.2 Versandkosten <br\/>Zus\u00e4tzlich zu den angegebenen Preisen berechnen wir Versandkosten. Wir versenden unsere Produkte innerhalb von Deutschland sowie in die L\u00e4nder: Spanien ohne Inseln, Belgien, Niederlande, Frankreich, Schweden, D\u00e4nemark, \u00d6sterreich und Portugal.<br\/>Ihr Versandkostenanteil h\u00e4ngt von Gr\u00f6\u00dfe, Gewicht, Beschaffenheit und Menge der bestellten Waren Ihrer Bestellung ab. F\u00fcr Einzelbestellungen sind das innerhalb von Deutschland maximal 99,- \u20ac.  <br\/><br\/>Lieferungen in andere L\u00e4nder als die angegebenen erfolgen nur auf Anfrage zu den dann vereinbarten Lieferkosten. <br\/><br\/>\u00a7 7 Versand <br\/><br\/>7.1 Die Lieferung erfolgt an die vom Kunden angegebene Lieferadresse. Ist der Kunde Verbraucher, so geht die Gefahr der Besch\u00e4digung und des zuf\u00e4lligen Untergangs der Ware auf den Kunden \u00fcber, sobald die Ware an ihn \u00fcbergeben wird. Ist der Kunde Unternehmer (\u00a7 14 BGB), so geht die Gefahr der Besch\u00e4digung und des zuf\u00e4lligen Untergangs der Ware auf ihn \u00fcber, sobald die Ware von Firma Punta Velo GmbH an das Transportunternehmen \u00fcbergeben wird (\u00a7 447 BGB). Einem Empfang der Ware durch den Kunden steht es gleich, wenn der Kunde im Verzug der Annahme ist. <br\/><br\/>7.2 Bei Speditionslieferungen behalten wir uns vor, die Wahl der Verpackung nach eigenem Ermessen festzulegen und versandoptimiert zu versenden. Dies gilt insbesondere f\u00fcr gr\u00f6\u00dfere Lieferungen (ganze LKW Z\u00fcge), bei der aufgrund der Menge ein Palettenversand dazu f\u00fchren w\u00fcrde, dass ein weiterer LKW notwendig w\u00e4re. <br\/><br\/>7.3 Soweit der Kunde Kaufmann ist, ist die Ware sofort nach Empfangnahme durch den Kunden oder seinen Beauftragten auf Transportsch\u00e4den zu untersuchen. Feststellbare Transportsch\u00e4den sind unverz\u00fcglich schriftlich anzuzeigen. Der Kunde, der Kaufmann ist, muss sich Verpackungssch\u00e4den bei Annahme der Ware von dem Transportunternehmen schriftlich best\u00e4tigen lassen.<br\/><br\/>&#13;\n\u00a7 8 Eigentumsvorbehalt, F\u00e4lligkeit <br\/>Bis zur vollst\u00e4ndigen Bezahlung bleibt die Ware unser Eigentum. Die bestellte Ware ist unverz\u00fcglich nach Erhalt unserer Annahmeerkl\u00e4rung zu bezahlen, aktuell durch \u00dcberweisung auf unser Gesch\u00e4ftskonto weitere Zahlungsarten werden folgen. Sollte zur Bezahlung ein Gutschein eingel\u00f6st werden, tragen Sie das Risiko des Zugangs des Gutscheins bei uns. Wir empfehlen daher dringend den Versand durch Einwurfeinschreiben.<br\/><br\/>\u00a7 9 Bezeichnung\/Beschreibung unserer Waren <br\/><br\/>9.1 Gewichtsangaben, Geometrien, <br\/>Technische Ausstattungen sind Herstellerangaben. Technische \u00c4nderungen i. S. eines technischen Fortschritts sowie Farbabweichungen, Irrt\u00fcmer und Eingabefehler sind vorbehalten. Lieferung solange der Vorrat reicht. <br\/><br\/>9.2 Die Solucon GmbH vertreibt Produkte in Kleinstauflagen. Die St\u00fcckzahlen sind limitiert. Abweichungen in technischer Ausr\u00fcstung, technischer Ausstattung, technischen Eigenschaften, Farbnuancen, Gr\u00f6\u00dfen, L\u00e4ngen und Gewichtsangaben der Produkte sind aufgrund der manuellen Fertigung der Produkte jederzeit m\u00f6glich. Insofern behalten wir uns vor, Ihnen die Produkte mit den genannten Abweichungen zu liefern. Die genannten Abweichungen entsprechen einer in Qualit\u00e4t und Preis gleichwertigen Leistung. Soweit wir Fremdwaren vertreiben, sind aus technischen Gr\u00fcnden auch hier leichte Abweichungen des Originals von der Abbildung m\u00f6glich. <br\/><br\/>9.3 Die Angaben zu technischen Spezifikationen, Eigenschaften und technischen Ausstattungskomponenten und deren Bestandteile von Fremdherstellern sind unverbindlich, Abweichungen sind jederzeit m\u00f6glich. <br\/><br\/>9.4 Die Farbangaben, Angaben zu technischen Eigenschaften und technischem Funktionsumfang zu Fahrrad-Zubeh\u00f6r, insbesondere den Waren von Fremdherstellern sind grunds\u00e4tzlich unverbindlich. <br\/><br\/>9.5 Die Wartungs- und Pflegeanleitungen zu Convoy Products Waren m\u00fcssen beachtet werden <br\/><br\/>\u00a7 10 Garantie \/ Gew\u00e4hrleistung <br\/><br\/>10.1 Die Solucon GmbH gew\u00e4hrt 2 Jahre Hersteller-Garantie auf alle Komponenten, exklusive\/ausschlie\u00dflich Reifen und M\u00e4ntel sowie aller Verbrauchsmaterialien wie z.B. Bremsscheiben oder Bremsbel\u00e4ge. Durch falsche oder fehlerhafte Benutzung verursachte Sch\u00e4den werden nicht durch die Garantie abgedeckt, Die Garantie \/ Gew\u00e4hrleistung erstreckt sich auf die Reparatur und in Einzelf\u00e4llen auf den Austausch von Teilen. <br\/><br\/>10.2 Herstellergarantien und H\u00e4ndlergarantien <br\/>Bei allen ausdr\u00fccklich genannten Garantien handelt es sich um Hersteller- bzw. zus\u00e4tzliche H\u00e4ndlergarantien, die Art der Garantie wird jeweils am Produkt genannt. Verschlei\u00df (au\u00dfer dort, wo dies ausdr\u00fccklich am Produkt genannt wird) und unsachgem\u00e4\u00dfer Gebrauch berechtigen nicht zur Inanspruchnahme dieser zus\u00e4tzlichen Hersteller- oder H\u00e4ndlergarantien. Zur Inanspruchnahme der Garantien nehmen Sie bitte zun\u00e4chst Kontakt zu uns auf. <br\/><br\/>\u00a7 11 Transportsch\u00e4den\/Reklamationen <br\/>Bitte zeigen Sie uns offensichtliche M\u00e4ngel sofort an. Kommt ein Paket sichtbar besch\u00e4digt bei Ihnen an, \u00f6ffnen Sie es bitte gleich in Gegenwart des Postboten\/Paketdienstes und lassen sich sofort eine Schadensbest\u00e4tigung ausstellen. Anderenfalls wird vermutet, dass der Schaden bei Ablieferung nicht vorhanden war. Die Vers\u00e4umung einer sofortigen M\u00e4ngelanzeige oder der \u00d6ffnung in Gegenwart des Postboten\/Paketdienstes hat f\u00fcr Ihre gesetzlichen Gew\u00e4hrleistungsrechte keine Konsequenzen. <br\/>Bei Fragen wenden Sie sich bitte an unseren Kundenservice <br\/><br\/>\u00a7 12 Ver\u00f6ffentlichungen <br\/>Der Solucon GmbH wird seitens des Kunden ausdr\u00fccklich erlaubt, Projektbeschreibungen, Produktfotos und -Abbildungen der an den Kunden gelieferten und f\u00fcr ihn gegebenenfalls auf eigenen Wunsch individualisierten Produkte sowie deren Projektdarstellungen und -Beschreibungen in die Referenzliste auf den von der Solucon GmbH betriebenen Internetseiten, auf zum Zeitpunkt des Auftrags aktuell popul\u00e4ren SocialMedia-Plattformen sowie auf werblichen Drucksachen von der Solucon GmbH aufzunehmen und zu ver\u00f6ffentlichen, sowie diese in Form von Pressemitteilungen gg\u00fc. der \u00d6ffentlichkeit bekanntzugeben. Dabei darf neben der Ver\u00f6ffentlichung von Produktfotos und -Abbildungen sowie o.g. Projektbeschreibungen ausdr\u00fccklich auch der Unternehmens-\/Produktname des Kunden genannt, das Logo des Kunden wiedergegeben und eingebunden, ein Screenshot der Internetseite des Kunden gezeigt sowie eine Verlinkung auf die Internetseite des Kunden vorgenommen werden. Sollten Sie Ver\u00f6ffentlichungen der o.g. Art nicht w\u00fcnschen, teilen Sie uns dies bitte schriftlich und formlos mit. <br\/><br\/>\u00a7 13 Links <br\/>Soweit diese Website externe Verkn\u00fcpfungen (Hyperlinks) zu Websites Dritter enth\u00e4lt, unterliegen diese verlinkten Websites ausschlie\u00dflich der inhaltlichen Verantwortung des jeweiligen Betreibers. Convoy Products hat keinen Einfluss auf die inhaltliche Gestaltung der verlinkten Zielseiten, so dass Convoy Products sich die Inhalte der verlinkten Seiten ausdr\u00fccklich nicht zu eigen macht. Convoy Products wird bei Kenntniserlangung von einem Rechtsversto\u00df auf einer verlinkten Seite den betreffenden Link unverz\u00fcglich entfernen. <br\/><br\/>\u00a7 14 Rechtswahl &amp; Gerichtsstand <br\/>Es gilt deutsches Recht. Gerichtsstand ist Gelsenkirchen. <br\/><br\/>\u00a7 15 Salvatorische Klausel <br\/>Sollte eine Bestimmung dieser Allgemeinen Gesch\u00e4ftsbedingungen unwirksam sein, wird davon die Wirksamkeit der \u00fcbrigen Bestimmungen nicht ber\u00fchrt.<br\/><br\/>Stand der AGB: 01.10.2025<\/p>&#13;\n<h3>Alternative dispute resolution pursuant to Art. 14 para.<br \/>\n1 ODR-VO and \u00a7 36 VSBG <\/h3>\n<p>The European Commission provides a platform for online dispute resolution (OS), which you can find <a href=\"https:\/\/ec.europa.eu\/consumers\/odr\" _target=\"blank\">HERE <\/a>. We are not obliged or willing to participate in a dispute resolution procedure before a consumer arbitration board. <\/p>\n","protected":false},"excerpt":{"rendered":"<p>&#13; Allgemeine Gesch\u00e4ftsbedingungen der Solucon GmbH &#13; &#13; Solucon GmbHGesch\u00e4ftsf\u00fchrer: Gerd Lemken Daimlerstr. 4 D-45891 Gelsenkirchen E-mail: info@convoy-products.de www.convoy-products.de \u00a7 1. Geltungsbereich F\u00fcr Bestellungen \u00fcber unseren Online-Fahrradzubeh\u00f6rshop gelten ausschlie\u00dflich diese AGB in der jeweiligen Fassung zum Zeitpunkt der Bestellung. Abweichende AGB des Kunden werden zur\u00fcckgewiesen. Sie werden nur dann wirksam, wenn sie von uns ausdr\u00fccklich [&#8230;]<\/p>\n<p><a class=\"btn btn-secondary understrap-read-more-link\" href=\"https:\/\/www.convoy-products.de\/en\/gtc\/\">Read More&#8230;<span class=\"screen-reader-text\"> from GTC<\/span><\/a><\/p>\n","protected":false},"author":1,"featured_media":0,"parent":0,"menu_order":0,"comment_status":"closed","ping_status":"closed","template":"page-templates\/template-col-9.php","meta":{"footnotes":""},"class_list":["post-3345","page","type-page","status-publish","hentry"],"yoast_head":"<!-- This site is optimized with the Yoast SEO plugin v27.2 - https:\/\/yoast.com\/product\/yoast-seo-wordpress\/ -->\n<title>GTC - convoy-products<\/title>\n<meta name=\"robots\" content=\"index, follow, max-snippet:-1, max-image-preview:large, max-video-preview:-1\" \/>\n<link rel=\"canonical\" href=\"https:\/\/www.convoy-products.de\/en\/gtc\/\" \/>\n<meta property=\"og:locale\" content=\"en_US\" \/>\n<meta property=\"og:type\" content=\"article\" \/>\n<meta property=\"og:title\" content=\"GTC - convoy-products\" \/>\n<meta property=\"og:description\" content=\"&#013; Allgemeine Gesch\u00e4ftsbedingungen der Solucon GmbH &#013; &#013; Solucon GmbHGesch\u00e4ftsf\u00fchrer: Gerd Lemken Daimlerstr. 4 D-45891 Gelsenkirchen E-mail: info@convoy-products.de www.convoy-products.de \u00a7 1. Geltungsbereich F\u00fcr Bestellungen \u00fcber unseren Online-Fahrradzubeh\u00f6rshop gelten ausschlie\u00dflich diese AGB in der jeweiligen Fassung zum Zeitpunkt der Bestellung. Abweichende AGB des Kunden werden zur\u00fcckgewiesen. Sie werden nur dann wirksam, wenn sie von uns ausdr\u00fccklich [...]Read More... from GTC\" \/>\n<meta property=\"og:url\" content=\"https:\/\/www.convoy-products.de\/en\/gtc\/\" \/>\n<meta property=\"og:site_name\" content=\"convoy-products\" \/>\n<meta property=\"article:publisher\" content=\"https:\/\/www.facebook.com\/convoyproduc\/?locale=de_DE\" \/>\n<meta property=\"article:modified_time\" content=\"2025-10-08T08:14:37+00:00\" \/>\n<meta name=\"twitter:card\" content=\"summary_large_image\" \/>\n<meta name=\"twitter:label1\" content=\"Est. reading time\" \/>\n\t<meta name=\"twitter:data1\" content=\"8 minutes\" \/>\n<script type=\"application\/ld+json\" class=\"yoast-schema-graph\">{\"@context\":\"https:\/\/schema.org\",\"@graph\":[{\"@type\":\"WebPage\",\"@id\":\"https:\/\/www.convoy-products.de\/en\/gtc\/\",\"url\":\"https:\/\/www.convoy-products.de\/en\/gtc\/\",\"name\":\"GTC - convoy-products\",\"isPartOf\":{\"@id\":\"https:\/\/www.convoy-products.de\/en\/#website\"},\"datePublished\":\"2024-08-07T10:59:39+00:00\",\"dateModified\":\"2025-10-08T08:14:37+00:00\",\"breadcrumb\":{\"@id\":\"https:\/\/www.convoy-products.de\/en\/gtc\/#breadcrumb\"},\"inLanguage\":\"en-US\",\"potentialAction\":[{\"@type\":\"ReadAction\",\"target\":[\"https:\/\/www.convoy-products.de\/en\/gtc\/\"]}]},{\"@type\":\"BreadcrumbList\",\"@id\":\"https:\/\/www.convoy-products.de\/en\/gtc\/#breadcrumb\",\"itemListElement\":[{\"@type\":\"ListItem\",\"position\":1,\"name\":\"Startseite\",\"item\":\"https:\/\/www.convoy-products.de\/en\/\"},{\"@type\":\"ListItem\",\"position\":2,\"name\":\"GTC\"}]},{\"@type\":\"WebSite\",\"@id\":\"https:\/\/www.convoy-products.de\/en\/#website\",\"url\":\"https:\/\/www.convoy-products.de\/en\/\",\"name\":\"convoy-products\",\"description\":\"Urbane Transportl\u00f6sungen\",\"publisher\":{\"@id\":\"https:\/\/www.convoy-products.de\/en\/#organization\"},\"potentialAction\":[{\"@type\":\"SearchAction\",\"target\":{\"@type\":\"EntryPoint\",\"urlTemplate\":\"https:\/\/www.convoy-products.de\/en\/?s={search_term_string}\"},\"query-input\":{\"@type\":\"PropertyValueSpecification\",\"valueRequired\":true,\"valueName\":\"search_term_string\"}}],\"inLanguage\":\"en-US\"},{\"@type\":\"Organization\",\"@id\":\"https:\/\/www.convoy-products.de\/en\/#organization\",\"name\":\"Convoy Products\",\"url\":\"https:\/\/www.convoy-products.de\/en\/\",\"logo\":{\"@type\":\"ImageObject\",\"inLanguage\":\"en-US\",\"@id\":\"https:\/\/www.convoy-products.de\/en\/#\/schema\/logo\/image\/\",\"url\":\"http:\/\/localhost\/cp3\/wp-content\/uploads\/2024\/08\/cropped-cp_c_black_512x512.png\",\"contentUrl\":\"http:\/\/localhost\/cp3\/wp-content\/uploads\/2024\/08\/cropped-cp_c_black_512x512.png\",\"width\":512,\"height\":512,\"caption\":\"Convoy Products\"},\"image\":{\"@id\":\"https:\/\/www.convoy-products.de\/en\/#\/schema\/logo\/image\/\"},\"sameAs\":[\"https:\/\/www.facebook.com\/convoyproduc\/?locale=de_DE\"]}]}<\/script>\n<!-- \/ Yoast SEO plugin. -->","yoast_head_json":{"title":"GTC - convoy-products","robots":{"index":"index","follow":"follow","max-snippet":"max-snippet:-1","max-image-preview":"max-image-preview:large","max-video-preview":"max-video-preview:-1"},"canonical":"https:\/\/www.convoy-products.de\/en\/gtc\/","og_locale":"en_US","og_type":"article","og_title":"GTC - convoy-products","og_description":"&#13; Allgemeine Gesch\u00e4ftsbedingungen der Solucon GmbH &#13; &#13; Solucon GmbHGesch\u00e4ftsf\u00fchrer: Gerd Lemken Daimlerstr. 4 D-45891 Gelsenkirchen E-mail: info@convoy-products.de www.convoy-products.de \u00a7 1. Geltungsbereich F\u00fcr Bestellungen \u00fcber unseren Online-Fahrradzubeh\u00f6rshop gelten ausschlie\u00dflich diese AGB in der jeweiligen Fassung zum Zeitpunkt der Bestellung. Abweichende AGB des Kunden werden zur\u00fcckgewiesen. Sie werden nur dann wirksam, wenn sie von uns ausdr\u00fccklich [...]Read More... from GTC","og_url":"https:\/\/www.convoy-products.de\/en\/gtc\/","og_site_name":"convoy-products","article_publisher":"https:\/\/www.facebook.com\/convoyproduc\/?locale=de_DE","article_modified_time":"2025-10-08T08:14:37+00:00","twitter_card":"summary_large_image","twitter_misc":{"Est. reading time":"8 minutes"},"schema":{"@context":"https:\/\/schema.org","@graph":[{"@type":"WebPage","@id":"https:\/\/www.convoy-products.de\/en\/gtc\/","url":"https:\/\/www.convoy-products.de\/en\/gtc\/","name":"GTC - convoy-products","isPartOf":{"@id":"https:\/\/www.convoy-products.de\/en\/#website"},"datePublished":"2024-08-07T10:59:39+00:00","dateModified":"2025-10-08T08:14:37+00:00","breadcrumb":{"@id":"https:\/\/www.convoy-products.de\/en\/gtc\/#breadcrumb"},"inLanguage":"en-US","potentialAction":[{"@type":"ReadAction","target":["https:\/\/www.convoy-products.de\/en\/gtc\/"]}]},{"@type":"BreadcrumbList","@id":"https:\/\/www.convoy-products.de\/en\/gtc\/#breadcrumb","itemListElement":[{"@type":"ListItem","position":1,"name":"Startseite","item":"https:\/\/www.convoy-products.de\/en\/"},{"@type":"ListItem","position":2,"name":"GTC"}]},{"@type":"WebSite","@id":"https:\/\/www.convoy-products.de\/en\/#website","url":"https:\/\/www.convoy-products.de\/en\/","name":"convoy-products","description":"Urbane Transportl\u00f6sungen","publisher":{"@id":"https:\/\/www.convoy-products.de\/en\/#organization"},"potentialAction":[{"@type":"SearchAction","target":{"@type":"EntryPoint","urlTemplate":"https:\/\/www.convoy-products.de\/en\/?s={search_term_string}"},"query-input":{"@type":"PropertyValueSpecification","valueRequired":true,"valueName":"search_term_string"}}],"inLanguage":"en-US"},{"@type":"Organization","@id":"https:\/\/www.convoy-products.de\/en\/#organization","name":"Convoy Products","url":"https:\/\/www.convoy-products.de\/en\/","logo":{"@type":"ImageObject","inLanguage":"en-US","@id":"https:\/\/www.convoy-products.de\/en\/#\/schema\/logo\/image\/","url":"http:\/\/localhost\/cp3\/wp-content\/uploads\/2024\/08\/cropped-cp_c_black_512x512.png","contentUrl":"http:\/\/localhost\/cp3\/wp-content\/uploads\/2024\/08\/cropped-cp_c_black_512x512.png","width":512,"height":512,"caption":"Convoy Products"},"image":{"@id":"https:\/\/www.convoy-products.de\/en\/#\/schema\/logo\/image\/"},"sameAs":["https:\/\/www.facebook.com\/convoyproduc\/?locale=de_DE"]}]}},"_links":{"self":[{"href":"https:\/\/www.convoy-products.de\/en\/wp-json\/wp\/v2\/pages\/3345","targetHints":{"allow":["GET"]}}],"collection":[{"href":"https:\/\/www.convoy-products.de\/en\/wp-json\/wp\/v2\/pages"}],"about":[{"href":"https:\/\/www.convoy-products.de\/en\/wp-json\/wp\/v2\/types\/page"}],"author":[{"embeddable":true,"href":"https:\/\/www.convoy-products.de\/en\/wp-json\/wp\/v2\/users\/1"}],"replies":[{"embeddable":true,"href":"https:\/\/www.convoy-products.de\/en\/wp-json\/wp\/v2\/comments?post=3345"}],"version-history":[{"count":11,"href":"https:\/\/www.convoy-products.de\/en\/wp-json\/wp\/v2\/pages\/3345\/revisions"}],"predecessor-version":[{"id":3920,"href":"https:\/\/www.convoy-products.de\/en\/wp-json\/wp\/v2\/pages\/3345\/revisions\/3920"}],"wp:attachment":[{"href":"https:\/\/www.convoy-products.de\/en\/wp-json\/wp\/v2\/media?parent=3345"}],"curies":[{"name":"wp","href":"https:\/\/api.w.org\/{rel}","templated":true}]}}